{"id":33815,"date":"2025-06-24T15:04:55","date_gmt":"2025-06-24T13:04:55","guid":{"rendered":"https:\/\/www.cservecorp.net\/?page_id=33815"},"modified":"2026-04-09T11:18:27","modified_gmt":"2026-04-09T09:18:27","slug":"tickets-and-technical-support-mozambique-and-pan-africa","status":"publish","type":"page","link":"https:\/\/www.cservecorp.net\/pt\/tickets-and-technical-support-mozambique-and-pan-africa\/","title":{"rendered":"Tickets e Suporte T\u00e9cnico Mo\u00e7ambique e PAN \u00c1frica"},"content":{"rendered":"<div data-elementor-type=\"wp-page\" data-elementor-id=\"33815\" class=\"elementor elementor-33815\">\n\t\t\t\t\t\t<section data-particle_enable=\"false\" data-particle-mobile-disabled=\"false\" class=\"elementor-section elementor-top-section elementor-element elementor-element-e15668c elementor-section-boxed elementor-section-height-default elementor-section-height-default\" data-id=\"e15668c\" data-element_type=\"section\" data-settings=\"{&quot;background_background&quot;:&quot;classic&quot;,&quot;background_image&quot;:{&quot;url&quot;:&quot;https:\\\/\\\/www.cservecorp.net\\\/wp-content\\\/uploads\\\/2024\\\/05\\\/contact-banner.jpg&quot;,&quot;id&quot;:30347,&quot;size&quot;:&quot;&quot;,&quot;alt&quot;:&quot;&quot;,&quot;source&quot;:&quot;library&quot;}}\">\n\t\t\t\t\t\t\t<div class=\"elementor-background-overlay\"><\/div>\n\t\t\t\t\t\t\t<div class=\"elementor-container elementor-column-gap-default\">\n\t\t\t\t\t<div class=\"elementor-column elementor-col-100 elementor-top-column elementor-element elementor-element-58b8f35\" data-id=\"58b8f35\" data-element_type=\"column\">\n\t\t\t<div class=\"elementor-widget-wrap elementor-element-populated\">\n\t\t\t\t\t\t<div class=\"elementor-element elementor-element-993a1b2 elementor-widget elementor-widget-heading\" data-id=\"993a1b2\" data-element_type=\"widget\" data-widget_type=\"heading.default\">\n\t\t\t\t<div class=\"elementor-widget-container\">\n\t\t\t\t\t<h1 class=\"elementor-heading-title elementor-size-large\">Precisa de ajuda? Estamos aqui para ajudar<\/h1>\t\t\t\t<\/div>\n\t\t\t\t<\/div>\n\t\t\t\t\t<\/div>\n\t\t<\/div>\n\t\t\t\t\t<\/div>\n\t\t<\/section>\n\t\t\t\t<section data-particle_enable=\"false\" data-particle-mobile-disabled=\"false\" class=\"elementor-section elementor-top-section elementor-element elementor-element-bc7432d elementor-section-boxed elementor-section-height-default elementor-section-height-default\" data-id=\"bc7432d\" data-element_type=\"section\" data-settings=\"{&quot;background_background&quot;:&quot;classic&quot;,&quot;background_image&quot;:{&quot;url&quot;:&quot;https:\\\/\\\/www.cservecorp.net\\\/wp-content\\\/uploads\\\/2023\\\/12\\\/Management-consultation-1-water.png&quot;,&quot;id&quot;:23621,&quot;size&quot;:&quot;&quot;,&quot;alt&quot;:&quot;&quot;,&quot;source&quot;:&quot;library&quot;}}\">\n\t\t\t\t\t\t<div class=\"elementor-container elementor-column-gap-default\">\n\t\t\t\t\t<div class=\"elementor-column elementor-col-100 elementor-top-column elementor-element elementor-element-4b68220\" data-id=\"4b68220\" data-element_type=\"column\">\n\t\t\t<div class=\"elementor-widget-wrap elementor-element-populated\">\n\t\t\t\t\t\t<div class=\"elementor-element elementor-element-e283162 elementor-widget elementor-widget-heading\" data-id=\"e283162\" data-element_type=\"widget\" data-widget_type=\"heading.default\">\n\t\t\t\t<div class=\"elementor-widget-container\">\n\t\t\t\t\t<h2 class=\"elementor-heading-title elementor-size-large\">Conte-nos sua preocupa\u00e7\u00e3o e n\u00f3s cuidaremos do resto<\/h2>\t\t\t\t<\/div>\n\t\t\t\t<\/div>\n\t\t\t\t<div class=\"elementor-element elementor-element-7e3514f elementor-widget elementor-widget-shortcode\" data-id=\"7e3514f\" data-element_type=\"widget\" data-widget_type=\"shortcode.default\">\n\t\t\t\t<div class=\"elementor-widget-container\">\n\t\t\t\t\t\t\t<div class=\"elementor-shortcode\"><iframe  width=\"100%\" height=\"1800\" src=\"https:\/\/app.xodox.in\/cservecorp\/erp\/flexform\/vf\/6309bae19a5c65831c415899fdbabeff?with_logo=1\" \nframeborder=\"0\" sandbox=\"allow-top-navigation allow-forms allow-scripts allow-same-origin allow-popups\" allowfullscreen><\/iframe><\/div>\n\t\t\t\t\t\t<\/div>\n\t\t\t\t<\/div>\n\t\t\t\t\t<\/div>\n\t\t<\/div>\n\t\t\t\t\t<\/div>\n\t\t<\/section>\n\t\t\t\t<\/div>","protected":false},"excerpt":{"rendered":"<p>Precisa de ajuda? Estamos aqui para ajudar. Conte-nos sua preocupa\u00e7\u00e3o e n\u00f3s cuidaremos do resto.<\/p>","protected":false},"author":1,"featured_media":0,"parent":0,"menu_order":0,"comment_status":"closed","ping_status":"closed","template":"elementor_header_footer","meta":{"footnotes":""},"class_list":["post-33815","page","type-page","status-publish","hentry"],"_links":{"self":[{"href":"https:\/\/www.cservecorp.net\/pt\/wp-json\/wp\/v2\/pages\/33815","targetHints":{"allow":["GET"]}}],"collection":[{"href":"https:\/\/www.cservecorp.net\/pt\/wp-json\/wp\/v2\/pages"}],"about":[{"href":"https:\/\/www.cservecorp.net\/pt\/wp-json\/wp\/v2\/types\/page"}],"author":[{"embeddable":true,"href":"https:\/\/www.cservecorp.net\/pt\/wp-json\/wp\/v2\/users\/1"}],"replies":[{"embeddable":true,"href":"https:\/\/www.cservecorp.net\/pt\/wp-json\/wp\/v2\/comments?post=33815"}],"version-history":[{"count":6,"href":"https:\/\/www.cservecorp.net\/pt\/wp-json\/wp\/v2\/pages\/33815\/revisions"}],"predecessor-version":[{"id":35138,"href":"https:\/\/www.cservecorp.net\/pt\/wp-json\/wp\/v2\/pages\/33815\/revisions\/35138"}],"wp:attachment":[{"href":"https:\/\/www.cservecorp.net\/pt\/wp-json\/wp\/v2\/media?parent=33815"}],"curies":[{"name":"wp","href":"https:\/\/api.w.org\/{rel}","templated":true}]}}