{"id":33806,"date":"2025-06-24T14:56:52","date_gmt":"2025-06-24T12:56:52","guid":{"rendered":"https:\/\/www.cservecorp.net\/?page_id=33806"},"modified":"2026-04-09T09:12:53","modified_gmt":"2026-04-09T07:12:53","slug":"tickets-and-technical-support-india-and-international","status":"publish","type":"page","link":"https:\/\/www.cservecorp.net\/pt\/tickets-and-technical-support-india-and-international\/","title":{"rendered":"Tickets e Suporte T\u00e9cnico \u00cdndia e Internacional"},"content":{"rendered":"<div data-elementor-type=\"wp-page\" data-elementor-id=\"33806\" class=\"elementor elementor-33806\">\n\t\t\t\t\t\t<section data-particle_enable=\"false\" data-particle-mobile-disabled=\"false\" class=\"elementor-section elementor-top-section elementor-element elementor-element-2af58f6 elementor-section-boxed elementor-section-height-default elementor-section-height-default\" data-id=\"2af58f6\" data-element_type=\"section\" data-settings=\"{&quot;background_background&quot;:&quot;classic&quot;,&quot;background_image&quot;:{&quot;url&quot;:&quot;https:\\\/\\\/www.cservecorp.net\\\/wp-content\\\/uploads\\\/2023\\\/11\\\/CONTRACT-MANAGEMENT-SERVICES-Banner.jpg&quot;,&quot;id&quot;:23006,&quot;size&quot;:&quot;&quot;,&quot;alt&quot;:&quot;&quot;,&quot;source&quot;:&quot;library&quot;}}\">\n\t\t\t\t\t\t<div class=\"elementor-container elementor-column-gap-default\">\n\t\t\t\t\t<div class=\"elementor-column elementor-col-100 elementor-top-column elementor-element elementor-element-fe0e36e\" data-id=\"fe0e36e\" data-element_type=\"column\">\n\t\t\t<div class=\"elementor-widget-wrap elementor-element-populated\">\n\t\t\t\t\t\t<div class=\"elementor-element elementor-element-70b06a3 elementor-widget elementor-widget-heading\" data-id=\"70b06a3\" data-element_type=\"widget\" data-widget_type=\"heading.default\">\n\t\t\t\t<div class=\"elementor-widget-container\">\n\t\t\t\t\t<h1 class=\"elementor-heading-title elementor-size-large\">Precisa de ajuda? Estamos aqui para ajudar<\/h1>\t\t\t\t<\/div>\n\t\t\t\t<\/div>\n\t\t\t\t\t<\/div>\n\t\t<\/div>\n\t\t\t\t\t<\/div>\n\t\t<\/section>\n\t\t\t\t<section data-particle_enable=\"false\" data-particle-mobile-disabled=\"false\" class=\"elementor-section elementor-top-section elementor-element elementor-element-d0961c0 other-page-sec-3 elementor-section-boxed elementor-section-height-default elementor-section-height-default\" data-id=\"d0961c0\" data-element_type=\"section\" data-settings=\"{&quot;background_background&quot;:&quot;classic&quot;,&quot;background_image&quot;:{&quot;url&quot;:&quot;https:\\\/\\\/www.cservecorp.net\\\/wp-content\\\/uploads\\\/2023\\\/10\\\/contact-sec-bg-image.png&quot;,&quot;id&quot;:17987,&quot;size&quot;:&quot;&quot;,&quot;alt&quot;:&quot;&quot;,&quot;source&quot;:&quot;library&quot;}}\">\n\t\t\t\t\t\t<div class=\"elementor-container elementor-column-gap-default\">\n\t\t\t\t\t<div class=\"elementor-column elementor-col-100 elementor-top-column elementor-element elementor-element-cea3b83\" data-id=\"cea3b83\" data-element_type=\"column\">\n\t\t\t<div class=\"elementor-widget-wrap elementor-element-populated\">\n\t\t\t\t\t\t<div class=\"elementor-element elementor-element-d89128b elementor-widget elementor-widget-heading\" data-id=\"d89128b\" data-element_type=\"widget\" data-widget_type=\"heading.default\">\n\t\t\t\t<div class=\"elementor-widget-container\">\n\t\t\t\t\t<h2 class=\"elementor-heading-title elementor-size-large\">Conte-nos sua preocupa\u00e7\u00e3o e n\u00f3s cuidaremos do resto<\/h2>\t\t\t\t<\/div>\n\t\t\t\t<\/div>\n\t\t\t\t<div class=\"elementor-element elementor-element-5f5827b elementor-widget elementor-widget-shortcode\" data-id=\"5f5827b\" data-element_type=\"widget\" data-widget_type=\"shortcode.default\">\n\t\t\t\t<div class=\"elementor-widget-container\">\n\t\t\t\t\t\t\t<div class=\"elementor-shortcode\"><iframe  width=\"100%\" height=\"1750\" src=\"https:\/\/app.xodox.in\/avantara664\/erp\/flexform\/vf\/b1c93a346bfb9df8c23cba49e2805ea4?with_logo=1\" \nframeborder=\"0\" sandbox=\"allow-top-navigation allow-forms allow-scripts allow-same-origin allow-popups\" allowfullscreen><\/iframe><\/div>\n\t\t\t\t\t\t<\/div>\n\t\t\t\t<\/div>\n\t\t\t\t\t<\/div>\n\t\t<\/div>\n\t\t\t\t\t<\/div>\n\t\t<\/section>\n\t\t\t\t<\/div>","protected":false},"excerpt":{"rendered":"<p>Precisa de ajuda? Estamos aqui para ajudar. Conte-nos sua preocupa\u00e7\u00e3o e n\u00f3s cuidaremos do resto.<\/p>","protected":false},"author":1,"featured_media":0,"parent":0,"menu_order":0,"comment_status":"closed","ping_status":"closed","template":"elementor_header_footer","meta":{"footnotes":""},"class_list":["post-33806","page","type-page","status-publish","hentry"],"_links":{"self":[{"href":"https:\/\/www.cservecorp.net\/pt\/wp-json\/wp\/v2\/pages\/33806","targetHints":{"allow":["GET"]}}],"collection":[{"href":"https:\/\/www.cservecorp.net\/pt\/wp-json\/wp\/v2\/pages"}],"about":[{"href":"https:\/\/www.cservecorp.net\/pt\/wp-json\/wp\/v2\/types\/page"}],"author":[{"embeddable":true,"href":"https:\/\/www.cservecorp.net\/pt\/wp-json\/wp\/v2\/users\/1"}],"replies":[{"embeddable":true,"href":"https:\/\/www.cservecorp.net\/pt\/wp-json\/wp\/v2\/comments?post=33806"}],"version-history":[{"count":6,"href":"https:\/\/www.cservecorp.net\/pt\/wp-json\/wp\/v2\/pages\/33806\/revisions"}],"predecessor-version":[{"id":35135,"href":"https:\/\/www.cservecorp.net\/pt\/wp-json\/wp\/v2\/pages\/33806\/revisions\/35135"}],"wp:attachment":[{"href":"https:\/\/www.cservecorp.net\/pt\/wp-json\/wp\/v2\/media?parent=33806"}],"curies":[{"name":"wp","href":"https:\/\/api.w.org\/{rel}","templated":true}]}}