{"id":30877,"date":"2024-07-24T13:09:46","date_gmt":"2024-07-24T11:09:46","guid":{"rendered":"https:\/\/www.cservecorp.net\/?page_id=30877"},"modified":"2025-07-23T11:36:33","modified_gmt":"2025-07-23T09:36:33","slug":"privacy-and-policy","status":"publish","type":"page","link":"https:\/\/www.cservecorp.net\/pt\/privacy-and-policy\/","title":{"rendered":"Privacidade e Pol\u00edtica"},"content":{"rendered":"<div data-elementor-type=\"wp-page\" data-elementor-id=\"30877\" class=\"elementor elementor-30877\">\n\t\t\t\t\t\t<section data-particle_enable=\"false\" data-particle-mobile-disabled=\"false\" class=\"elementor-section elementor-top-section elementor-element elementor-element-25925e20 elementor-section-boxed elementor-section-height-default elementor-section-height-default\" data-id=\"25925e20\" data-element_type=\"section\">\n\t\t\t\t\t\t<div class=\"elementor-container elementor-column-gap-default\">\n\t\t\t\t\t<div class=\"elementor-column elementor-col-100 elementor-top-column elementor-element elementor-element-701e22c9\" data-id=\"701e22c9\" data-element_type=\"column\">\n\t\t\t<div class=\"elementor-widget-wrap elementor-element-populated\">\n\t\t\t\t\t\t<div class=\"elementor-element elementor-element-99a9070 elementor-widget elementor-widget-heading\" data-id=\"99a9070\" data-element_type=\"widget\" data-widget_type=\"heading.default\">\n\t\t\t\t<div class=\"elementor-widget-container\">\n\t\t\t\t\t<h2 class=\"elementor-heading-title elementor-size-default\">Privacidade e Pol\u00edtica<\/h2>\t\t\t\t<\/div>\n\t\t\t\t<\/div>\n\t\t\t\t<div class=\"elementor-element elementor-element-6733bde0 elementor-widget elementor-widget-text-editor\" data-id=\"6733bde0\" data-element_type=\"widget\" data-widget_type=\"text-editor.default\">\n\t\t\t\t<div class=\"elementor-widget-container\">\n\t\t\t\t\t\t\t\t\t<p><a href=\"https:\/\/www.cservecorp.net\/pt\/\"><strong>Cserv Corporation<\/strong><\/a> \u00e9 premiado \u201c<strong>Melhor empresa de RH e recrutamento em Mo\u00e7ambique 2020<\/strong>\u201d. estamos fornecendo servi\u00e7os aos seus clientes com sucesso nos \u00faltimos 10 anos. Ao conectar os mercados Leste e Oeste, atendemos a Coloca\u00e7\u00e3o e <strong>Servi\u00e7os de recrutamento em Mo\u00e7ambique<\/strong> em todos os n\u00edveis (ger\u00eancia mais recente, j\u00fanior, s\u00eanior e superior) de cargos na empresa exigidos por todos os neg\u00f3cios.<\/p>\n<p>A Cserve Corporation \u00e9 a<strong> Empresa l\u00edder em recrutamento de RH e terceiriza\u00e7\u00e3o de m\u00e3o de obra em Mo\u00e7ambique, \u00c1frica.<\/strong> A Cserve \u00e9 reconhecida pelo crescimento do seu neg\u00f3cio h\u00e1 mais de 10 anos e por cerca de 50+ consultores integrados na nossa equipa de recrutamento em Mo\u00e7ambique. Cobrimos quase todos os setores da ind\u00fastria. A Cserve est\u00e1 focada em contratar as pessoas certas para sua organiza\u00e7\u00e3o.<br \/>Preparamos esta declara\u00e7\u00e3o de privacidade principalmente para explicar nossas pr\u00e1ticas comerciais aos visitantes. Queremos deixar os usu\u00e1rios cientes de como coletamos e utilizamos seus dados quando eles navegam em nosso site. Estamos comprometidos com nossos visitantes e empregamos tecnologia de ponta para garantir a seguran\u00e7a de seus dados.<\/p>\n<p>Esta Pol\u00edtica de Privacidade descreve os direitos e obriga\u00e7\u00f5es do usu\u00e1rio, bem como as especifica\u00e7\u00f5es sobre as informa\u00e7\u00f5es pessoais que coletamos e como as usamos. Ao usar ou acessar o site ou nos fornecer informa\u00e7\u00f5es pessoais, voc\u00ea concorda com os termos desta declara\u00e7\u00e3o de privacidade.<\/p>\n<p><strong>Coleta de dados do usu\u00e1rio<\/strong><br \/>N\u00e3o coletaremos nenhuma informa\u00e7\u00e3o pessoal de usu\u00e1rios que visitarem nosso site sem sua permiss\u00e3o. Ap\u00f3s os visitantes nos darem seu consentimento, coletamos informa\u00e7\u00f5es incluindo nome, informa\u00e7\u00f5es de contato, endere\u00e7o de e-mail, localiza\u00e7\u00e3o e assim por diante por meio de v\u00e1rios canais com base nos servi\u00e7os que eles selecionam.<\/p>\n<p><strong>Registro de atividade do usu\u00e1rio<\/strong><br \/>N\u00f3s nos esfor\u00e7amos para dar aos nossos visitantes a melhor experi\u00eancia de usu\u00e1rio poss\u00edvel. Como resultado, quando algu\u00e9m visita nosso site, coletamos informa\u00e7\u00f5es sobre eles. Al\u00e9m disso, rastreamos cada a\u00e7\u00e3o tomada por um visitante em nosso site. Isso abrange o n\u00famero de p\u00e1ginas visualizadas pelo usu\u00e1rio, bem como o tempo gasto em cada p\u00e1gina.<\/p>\n<p><strong>Acordo do Usu\u00e1rio com a Declara\u00e7\u00e3o de Privacidade<\/strong><br \/>Os usu\u00e1rios consentem em nos deixar ter suas informa\u00e7\u00f5es se voc\u00ea obedecer \u00e0 nossa declara\u00e7\u00e3o de privacidade. Da mesma forma, deixe-nos distribuir as informa\u00e7\u00f5es da forma que acharmos adequado. A declara\u00e7\u00e3o de privacidade est\u00e1 sujeita a revis\u00e3o peri\u00f3dica pela Cserve Corporation. Para ver o site atualizado, visite-nos com frequ\u00eancia.<\/p>\n<p><strong>Por que coletamos dados do usu\u00e1rio<\/strong><br \/>Coletamos dados do usu\u00e1rio sob medidas de seguran\u00e7a para garantir que determinada ger\u00eancia tenha acesso \u00e0s informa\u00e7\u00f5es, o que ser\u00e1 empregado para proporcionar melhores experi\u00eancias ao usu\u00e1rio.<br \/>Al\u00e9m disso, os dados auxiliam a determinar se o usu\u00e1rio \u00e9 leg\u00edtimo ou fraudulento para evitar fraudes comerciais. Os dados s\u00e3o importantes no marketing, pois permitem que as empresas examinem tend\u00eancias e requisitos do setor, pesquisas estat\u00edsticas, pesquisas de clientes e perfis de clientes.<\/p>\n<p><strong>Como usamos os dados do usu\u00e1rio<\/strong><br \/>Nossa pol\u00edtica de privacidade \u00e9 formulada para garantir que o tratamento de dados do usu\u00e1rio siga regras seguras e esteja em conformidade com a lei de prote\u00e7\u00e3o de dados. Nossa pol\u00edtica de privacidade \u00e9 projetada para garantir que o tratamento de dados do usu\u00e1rio siga procedimentos seguros e esteja em conformidade com a lei de prote\u00e7\u00e3o de dados. Para oferecer nossos servi\u00e7os aos usu\u00e1rios, precisamos processar seus dados pessoais. Ap\u00f3s a aceita\u00e7\u00e3o dos termos de nossa pol\u00edtica pelo usu\u00e1rio, trataremos os dados de acordo com nossa pol\u00edtica. Al\u00e9m disso, o usu\u00e1rio tem a op\u00e7\u00e3o de entrar em contato conosco a qualquer momento para retirar seu consentimento para o processamento de seus dados.<\/p>\n<p><strong>Como a Cserve Corporation usa e compartilha essas informa\u00e7\u00f5es?<\/strong><\/p>\n<p><strong>Para se envolver em transa\u00e7\u00f5es:<\/strong><br \/>Podemos usar informa\u00e7\u00f5es pessoais, como nome, endere\u00e7o f\u00edsico, n\u00famero de telefone, endere\u00e7o de e-mail e empresa para realizar transa\u00e7\u00f5es com voc\u00ea, inclusive entrando em contato sobre seu pedido.<\/p>\n<p><strong>Para processar transa\u00e7\u00f5es:<\/strong><br \/>Podemos usar informa\u00e7\u00f5es financeiras\/de cart\u00e3o de cr\u00e9dito e de pagamento para processar seu pedido. As informa\u00e7\u00f5es de identifica\u00e7\u00e3o pessoal necess\u00e1rias para emitir uma fatura s\u00e3o armazenadas em <strong>Cserv Corporation<\/strong> Servidores web projetados de forma comercialmente razo\u00e1vel para proteger contra acesso n\u00e3o autorizado.<\/p>\n<p><strong>Para fornecer suporte ou outros servi\u00e7os:<\/strong><br \/>Podemos usar suas informa\u00e7\u00f5es pessoais para fornecer suporte ou outros servi\u00e7os que voc\u00ea solicitou, bem como atualiza\u00e7\u00f5es de produtos, patches e corre\u00e7\u00f5es de produtos e outras comunica\u00e7\u00f5es semelhantes.<\/p>\n<p><strong>Para postar depoimentos:<\/strong><br \/>Publicamos depoimentos em nossos sites da Cserve Corporation que podem conter informa\u00e7\u00f5es pessoais. Antes de publicar o depoimento, obtemos o consentimento do cliente para publicar seu nome junto com seu depoimento.<\/p>\n<p><strong>Para cumprir com os requisitos legais:<\/strong><br \/>A Cserve Corporation pode exigir a divulga\u00e7\u00e3o de suas informa\u00e7\u00f5es pessoais para cumprir com relat\u00f3rios, divulga\u00e7\u00e3o ou outros requisitos de processo legalmente obrigat\u00f3rios. Usaremos esfor\u00e7os razo\u00e1veis para limitar as informa\u00e7\u00f5es pessoais que ela fornece para esses prop\u00f3sitos.<\/p>\n<p><strong>Mudan\u00e7as na pol\u00edtica<\/strong><br \/>A Cserve Corporation ocasionalmente atualizar\u00e1 esta pol\u00edtica de privacidade. Quando o fizermos, publicaremos um aviso destacado nesta se\u00e7\u00e3o desta pol\u00edtica notificando os usu\u00e1rios quando ela for atualizada. Se formos usar suas informa\u00e7\u00f5es pessoais de uma maneira diferente daquela declarada no momento da coleta, n\u00f3s o notificaremos por e-mail, e voc\u00ea ter\u00e1 a op\u00e7\u00e3o de usar ou n\u00e3o suas informa\u00e7\u00f5es pessoais dessa maneira diferente.<\/p>\n<p><strong>Compartilhamento de dados de terceiros<\/strong><br \/>Nossa pol\u00edtica inclui diretrizes r\u00edgidas para disseminar dados e troc\u00e1-los com canais de terceiros, com medidas de seguran\u00e7a somente quando absolutamente necess\u00e1rio. Se ag\u00eancias regulamentadas pelo governo solicitarem, somos obrigados a divulgar dados do usu\u00e1rio. Al\u00e9m disso, nossos parceiros comerciais s\u00e3o respons\u00e1veis por fornecer servi\u00e7os a eles. Al\u00e9m disso, somos obrigados a revelar dados do usu\u00e1rio no caso de um processo legal dentro do escopo do m\u00e9todo seguro.<\/p>\n<p><strong>Protocolo de prote\u00e7\u00e3o do usu\u00e1rio<\/strong><br \/>Em conformidade com o Right Act, podemos oferecer informa\u00e7\u00f5es aos usu\u00e1rios sob demanda. Somos obrigados a entregar o documento quando os usu\u00e1rios desejam acessar suas informa\u00e7\u00f5es. Al\u00e9m disso, os usu\u00e1rios t\u00eam o direito de se opor ao processamento de dados a qualquer momento se sentirem que podem incorrer em perdas ou danos como resultado disso. Al\u00e9m disso, os usu\u00e1rios podem buscar restitui\u00e7\u00e3o por viola\u00e7\u00f5es da lei. A qualquer momento, os usu\u00e1rios podem buscar a atualiza\u00e7\u00e3o de suas informa\u00e7\u00f5es para aproveitar nossos servi\u00e7os.<\/p>\n<p><strong>Mantendo os dados confidenciais<\/strong><br \/>A Cserve Corporation prioriza a implementa\u00e7\u00e3o de medidas robustas de seguran\u00e7a de dados para preservar a m\u00e1xima confidencialidade dos dados. Para evitar a exposi\u00e7\u00e3o a riscos, nossas medidas de seguran\u00e7a garantem que os dados do usu\u00e1rio n\u00e3o tenham permiss\u00e3o para serem acessados por nenhuma pessoa ou organiza\u00e7\u00e3o. Para fornecer um melhor servi\u00e7o, nossos bancos de dados s\u00e3o protegidos adequadamente usando tecnologia de ponta. Garantimos que ningu\u00e9m, nem mesmo nossos clientes, divulgue nenhuma informa\u00e7\u00e3o para aumentar sua seguran\u00e7a.<\/p>\n<p><strong>Coleta de cookies do navegador<\/strong><br \/>Nossas pol\u00edticas de privacidade nos permitem coletar cookies dos navegadores dos visitantes do site. Planejamos coletar cookies para melhorar a experi\u00eancia de uso dos nossos visitantes. Continue lendo para obter mais informa\u00e7\u00f5es sobre nossa pol\u00edtica de cookies.<\/p>\n<p><strong>Por favor, entre em contato conosco<\/strong><br \/>Se voc\u00ea tiver alguma d\u00favida sobre nossas pol\u00edticas de privacidade, ficaremos felizes em respond\u00ea-las. Voc\u00ea pode entrar em contato com o Suporte para obter mais informa\u00e7\u00f5es. Investigaremos quaisquer reclama\u00e7\u00f5es recebidas por escrito e faremos o poss\u00edvel para resolv\u00ea-las com voc\u00ea o mais r\u00e1pido poss\u00edvel.<\/p>\n<p><strong>Telefone:<\/strong> (+258) 844 522 511 | (+258) 866 522 511<br \/><strong>E-mail:<\/strong> care@cservecorp.net<\/p>\n\t\t\t\t\t\t\t\t<\/div>\n\t\t\t\t<\/div>\n\t\t\t\t\t<\/div>\n\t\t<\/div>\n\t\t\t\t\t<\/div>\n\t\t<\/section>\n\t\t\t\t<\/div>","protected":false},"excerpt":{"rendered":"<p>Pol\u00edtica de Privacidade e Seguran\u00e7a da Informa\u00e7\u00e3o: A Cserve Corporation foi premiada como a \u201cMelhor Empresa de RH e Recrutamento em Mo\u00e7ambique em 2020\u201d. H\u00e1 10 anos, prestamos servi\u00e7os com sucesso aos nossos clientes. Conectando os mercados do Oriente e do Ocidente, oferecemos servi\u00e7os de Recrutamento e Sele\u00e7\u00e3o em Mo\u00e7ambique para todos os n\u00edveis hier\u00e1rquicos (desde iniciantes at\u00e9 cargos de alta ger\u00eancia).<\/p>","protected":false},"author":2,"featured_media":0,"parent":0,"menu_order":0,"comment_status":"closed","ping_status":"closed","template":"","meta":{"footnotes":""},"class_list":["post-30877","page","type-page","status-publish","hentry"],"_links":{"self":[{"href":"https:\/\/www.cservecorp.net\/pt\/wp-json\/wp\/v2\/pages\/30877","targetHints":{"allow":["GET"]}}],"collection":[{"href":"https:\/\/www.cservecorp.net\/pt\/wp-json\/wp\/v2\/pages"}],"about":[{"href":"https:\/\/www.cservecorp.net\/pt\/wp-json\/wp\/v2\/types\/page"}],"author":[{"embeddable":true,"href":"https:\/\/www.cservecorp.net\/pt\/wp-json\/wp\/v2\/users\/2"}],"replies":[{"embeddable":true,"href":"https:\/\/www.cservecorp.net\/pt\/wp-json\/wp\/v2\/comments?post=30877"}],"version-history":[{"count":0,"href":"https:\/\/www.cservecorp.net\/pt\/wp-json\/wp\/v2\/pages\/30877\/revisions"}],"wp:attachment":[{"href":"https:\/\/www.cservecorp.net\/pt\/wp-json\/wp\/v2\/media?parent=30877"}],"curies":[{"name":"wp","href":"https:\/\/api.w.org\/{rel}","templated":true}]}}