{"id":30267,"date":"2024-05-02T12:11:31","date_gmt":"2024-05-02T10:11:31","guid":{"rendered":"https:\/\/demo.cservegroup.com\/recruit\/?page_id=30267"},"modified":"2026-04-09T11:43:21","modified_gmt":"2026-04-09T09:43:21","slug":"request-a-quote-india-and-international","status":"publish","type":"page","link":"https:\/\/www.cservecorp.net\/pt\/request-a-quote-india-and-international\/","title":{"rendered":"Solicite um or\u00e7amento \u00cdndia e Internacional"},"content":{"rendered":"<div data-elementor-type=\"wp-page\" data-elementor-id=\"30267\" class=\"elementor elementor-30267\">\n\t\t\t\t\t\t<section data-particle_enable=\"false\" data-particle-mobile-disabled=\"false\" class=\"elementor-section elementor-top-section elementor-element elementor-element-e15668c elementor-section-boxed elementor-section-height-default elementor-section-height-default\" data-id=\"e15668c\" data-element_type=\"section\" data-settings=\"{&quot;background_background&quot;:&quot;classic&quot;,&quot;background_image&quot;:{&quot;url&quot;:&quot;https:\\\/\\\/www.cservecorp.net\\\/wp-content\\\/uploads\\\/2024\\\/05\\\/contact-banner.jpg&quot;,&quot;id&quot;:30347,&quot;size&quot;:&quot;&quot;,&quot;alt&quot;:&quot;&quot;,&quot;source&quot;:&quot;library&quot;}}\">\n\t\t\t\t\t\t\t<div class=\"elementor-background-overlay\"><\/div>\n\t\t\t\t\t\t\t<div class=\"elementor-container elementor-column-gap-default\">\n\t\t\t\t\t<div class=\"elementor-column elementor-col-100 elementor-top-column elementor-element elementor-element-58b8f35\" data-id=\"58b8f35\" data-element_type=\"column\">\n\t\t\t<div class=\"elementor-widget-wrap elementor-element-populated\">\n\t\t\t\t\t\t<div class=\"elementor-element elementor-element-b2b9644 elementor-widget elementor-widget-heading\" data-id=\"b2b9644\" data-element_type=\"widget\" data-widget_type=\"heading.default\">\n\t\t\t\t<div class=\"elementor-widget-container\">\n\t\t\t\t\t<h1 class=\"elementor-heading-title elementor-size-large\">Obtenha sua proposta comercial personalizada<\/h1>\t\t\t\t<\/div>\n\t\t\t\t<\/div>\n\t\t\t\t\t<\/div>\n\t\t<\/div>\n\t\t\t\t\t<\/div>\n\t\t<\/section>\n\t\t\t\t<section data-particle_enable=\"false\" data-particle-mobile-disabled=\"false\" class=\"elementor-section elementor-top-section elementor-element elementor-element-1338012 elementor-section-boxed elementor-section-height-default elementor-section-height-default\" data-id=\"1338012\" data-element_type=\"section\" data-settings=\"{&quot;background_background&quot;:&quot;classic&quot;,&quot;background_image&quot;:{&quot;url&quot;:&quot;https:\\\/\\\/www.cservecorp.net\\\/wp-content\\\/uploads\\\/2023\\\/12\\\/Management-consultation-1-water.png&quot;,&quot;id&quot;:23621,&quot;size&quot;:&quot;&quot;,&quot;alt&quot;:&quot;&quot;,&quot;source&quot;:&quot;library&quot;}}\">\n\t\t\t\t\t\t<div class=\"elementor-container elementor-column-gap-default\">\n\t\t\t\t\t<div class=\"elementor-column elementor-col-100 elementor-top-column elementor-element elementor-element-01a5b3b\" data-id=\"01a5b3b\" data-element_type=\"column\">\n\t\t\t<div class=\"elementor-widget-wrap elementor-element-populated\">\n\t\t\t\t\t\t<div class=\"elementor-element elementor-element-fad0d7d elementor-widget elementor-widget-heading\" data-id=\"fad0d7d\" data-element_type=\"widget\" data-widget_type=\"heading.default\">\n\t\t\t\t<div class=\"elementor-widget-container\">\n\t\t\t\t\t<h2 class=\"elementor-heading-title elementor-size-large\">Envie o formul\u00e1rio para receber uma cota\u00e7\u00e3o e oferta personalizada<\/h2>\t\t\t\t<\/div>\n\t\t\t\t<\/div>\n\t\t\t\t<div class=\"elementor-element elementor-element-fac8cdb elementor-widget elementor-widget-shortcode\" data-id=\"fac8cdb\" data-element_type=\"widget\" data-widget_type=\"shortcode.default\">\n\t\t\t\t<div class=\"elementor-widget-container\">\n\t\t\t\t\t\t\t<div class=\"elementor-shortcode\"><iframe  width=\"100%\" height=\"1750\" src=\"https:\/\/app.xodox.in\/avantara664\/erp\/flexform\/vf\/de4d1654eaed91d3f6701868e60f061e?with_logo=1\" \nframeborder=\"0\" sandbox=\"allow-top-navigation allow-forms allow-scripts allow-same-origin allow-popups\" allowfullscreen><\/iframe><\/div>\n\t\t\t\t\t\t<\/div>\n\t\t\t\t<\/div>\n\t\t\t\t\t<\/div>\n\t\t<\/div>\n\t\t\t\t\t<\/div>\n\t\t<\/section>\n\t\t\t\t<\/div>","protected":false},"excerpt":{"rendered":"<p>Obtenha sua proposta comercial personalizada Envie o formul\u00e1rio para receber uma cota\u00e7\u00e3o e oferta personalizadas<\/p>","protected":false},"author":1,"featured_media":0,"parent":0,"menu_order":0,"comment_status":"closed","ping_status":"closed","template":"elementor_header_footer","meta":{"footnotes":""},"class_list":["post-30267","page","type-page","status-publish","hentry"],"_links":{"self":[{"href":"https:\/\/www.cservecorp.net\/pt\/wp-json\/wp\/v2\/pages\/30267","targetHints":{"allow":["GET"]}}],"collection":[{"href":"https:\/\/www.cservecorp.net\/pt\/wp-json\/wp\/v2\/pages"}],"about":[{"href":"https:\/\/www.cservecorp.net\/pt\/wp-json\/wp\/v2\/types\/page"}],"author":[{"embeddable":true,"href":"https:\/\/www.cservecorp.net\/pt\/wp-json\/wp\/v2\/users\/1"}],"replies":[{"embeddable":true,"href":"https:\/\/www.cservecorp.net\/pt\/wp-json\/wp\/v2\/comments?post=30267"}],"version-history":[{"count":6,"href":"https:\/\/www.cservecorp.net\/pt\/wp-json\/wp\/v2\/pages\/30267\/revisions"}],"predecessor-version":[{"id":35141,"href":"https:\/\/www.cservecorp.net\/pt\/wp-json\/wp\/v2\/pages\/30267\/revisions\/35141"}],"wp:attachment":[{"href":"https:\/\/www.cservecorp.net\/pt\/wp-json\/wp\/v2\/media?parent=30267"}],"curies":[{"name":"wp","href":"https:\/\/api.w.org\/{rel}","templated":true}]}}