{"id":30166,"date":"2024-05-02T12:09:42","date_gmt":"2024-05-02T10:09:42","guid":{"rendered":"https:\/\/demo.cservegroup.com\/recruit\/?page_id=30166"},"modified":"2026-04-09T11:46:10","modified_gmt":"2026-04-09T09:46:10","slug":"request-a-quote-mozambique-and-pan-africa","status":"publish","type":"page","link":"https:\/\/www.cservecorp.net\/pt\/request-a-quote-mozambique-and-pan-africa\/","title":{"rendered":"Solicite um or\u00e7amento para Mo\u00e7ambique e toda a \u00c1frica."},"content":{"rendered":"<div data-elementor-type=\"wp-page\" data-elementor-id=\"30166\" class=\"elementor elementor-30166\">\n\t\t\t\t\t\t<section data-particle_enable=\"false\" data-particle-mobile-disabled=\"false\" class=\"elementor-section elementor-top-section elementor-element elementor-element-2af58f6 elementor-section-boxed elementor-section-height-default elementor-section-height-default\" data-id=\"2af58f6\" data-element_type=\"section\" data-settings=\"{&quot;background_background&quot;:&quot;classic&quot;,&quot;background_image&quot;:{&quot;url&quot;:&quot;https:\\\/\\\/www.cservecorp.net\\\/wp-content\\\/uploads\\\/2023\\\/11\\\/CONTRACT-MANAGEMENT-SERVICES-Banner.jpg&quot;,&quot;id&quot;:23006,&quot;size&quot;:&quot;&quot;,&quot;alt&quot;:&quot;&quot;,&quot;source&quot;:&quot;library&quot;}}\">\n\t\t\t\t\t\t<div class=\"elementor-container elementor-column-gap-default\">\n\t\t\t\t\t<div class=\"elementor-column elementor-col-100 elementor-top-column elementor-element elementor-element-fe0e36e\" data-id=\"fe0e36e\" data-element_type=\"column\">\n\t\t\t<div class=\"elementor-widget-wrap elementor-element-populated\">\n\t\t\t\t\t\t<div class=\"elementor-element elementor-element-a80ea67 elementor-widget elementor-widget-heading\" data-id=\"a80ea67\" data-element_type=\"widget\" data-widget_type=\"heading.default\">\n\t\t\t\t<div class=\"elementor-widget-container\">\n\t\t\t\t\t<h1 class=\"elementor-heading-title elementor-size-large\">Obtenha sua proposta comercial personalizada<\/h1>\t\t\t\t<\/div>\n\t\t\t\t<\/div>\n\t\t\t\t\t<\/div>\n\t\t<\/div>\n\t\t\t\t\t<\/div>\n\t\t<\/section>\n\t\t\t\t<section data-particle_enable=\"false\" data-particle-mobile-disabled=\"false\" class=\"elementor-section elementor-top-section elementor-element elementor-element-d0961c0 other-page-sec-3 elementor-section-boxed elementor-section-height-default elementor-section-height-default\" data-id=\"d0961c0\" data-element_type=\"section\" data-settings=\"{&quot;background_background&quot;:&quot;classic&quot;,&quot;background_image&quot;:{&quot;url&quot;:&quot;https:\\\/\\\/www.cservecorp.net\\\/wp-content\\\/uploads\\\/2023\\\/10\\\/contact-sec-bg-image.png&quot;,&quot;id&quot;:17987,&quot;size&quot;:&quot;&quot;,&quot;alt&quot;:&quot;&quot;,&quot;source&quot;:&quot;library&quot;}}\">\n\t\t\t\t\t\t<div class=\"elementor-container elementor-column-gap-default\">\n\t\t\t\t\t<div class=\"elementor-column elementor-col-100 elementor-top-column elementor-element elementor-element-cea3b83\" data-id=\"cea3b83\" data-element_type=\"column\">\n\t\t\t<div class=\"elementor-widget-wrap elementor-element-populated\">\n\t\t\t\t\t\t<div class=\"elementor-element elementor-element-c18774c elementor-widget elementor-widget-heading\" data-id=\"c18774c\" data-element_type=\"widget\" data-widget_type=\"heading.default\">\n\t\t\t\t<div class=\"elementor-widget-container\">\n\t\t\t\t\t<h2 class=\"elementor-heading-title elementor-size-large\">Envie o formul\u00e1rio para receber uma cota\u00e7\u00e3o e oferta personalizada<\/h2>\t\t\t\t<\/div>\n\t\t\t\t<\/div>\n\t\t\t\t<div class=\"elementor-element elementor-element-1e8c5ec elementor-widget elementor-widget-shortcode\" data-id=\"1e8c5ec\" data-element_type=\"widget\" data-widget_type=\"shortcode.default\">\n\t\t\t\t<div class=\"elementor-widget-container\">\n\t\t\t\t\t\t\t<div class=\"elementor-shortcode\"><iframe  width=\"100%\" height=\"1550\" src=\"https:\/\/app.xodox.in\/cservecorp\/erp\/flexform\/vf\/cc357bad4466e7c49e97fdbbaa012ed5?with_logo=1\" \nframeborder=\"0\" sandbox=\"allow-top-navigation allow-forms allow-scripts allow-same-origin allow-popups\" allowfullscreen><\/iframe>\n<\/div>\n\t\t\t\t\t\t<\/div>\n\t\t\t\t<\/div>\n\t\t\t\t\t<\/div>\n\t\t<\/div>\n\t\t\t\t\t<\/div>\n\t\t<\/section>\n\t\t\t\t<\/div>","protected":false},"excerpt":{"rendered":"<p>Obtenha sua proposta comercial personalizada Envie o formul\u00e1rio para receber uma cota\u00e7\u00e3o e oferta personalizadas<\/p>","protected":false},"author":1,"featured_media":0,"parent":0,"menu_order":0,"comment_status":"closed","ping_status":"closed","template":"elementor_header_footer","meta":{"footnotes":""},"class_list":["post-30166","page","type-page","status-publish","hentry"],"_links":{"self":[{"href":"https:\/\/www.cservecorp.net\/pt\/wp-json\/wp\/v2\/pages\/30166","targetHints":{"allow":["GET"]}}],"collection":[{"href":"https:\/\/www.cservecorp.net\/pt\/wp-json\/wp\/v2\/pages"}],"about":[{"href":"https:\/\/www.cservecorp.net\/pt\/wp-json\/wp\/v2\/types\/page"}],"author":[{"embeddable":true,"href":"https:\/\/www.cservecorp.net\/pt\/wp-json\/wp\/v2\/users\/1"}],"replies":[{"embeddable":true,"href":"https:\/\/www.cservecorp.net\/pt\/wp-json\/wp\/v2\/comments?post=30166"}],"version-history":[{"count":6,"href":"https:\/\/www.cservecorp.net\/pt\/wp-json\/wp\/v2\/pages\/30166\/revisions"}],"predecessor-version":[{"id":35144,"href":"https:\/\/www.cservecorp.net\/pt\/wp-json\/wp\/v2\/pages\/30166\/revisions\/35144"}],"wp:attachment":[{"href":"https:\/\/www.cservecorp.net\/pt\/wp-json\/wp\/v2\/media?parent=30166"}],"curies":[{"name":"wp","href":"https:\/\/api.w.org\/{rel}","templated":true}]}}